{"id":57,"date":"2013-11-12T14:31:32","date_gmt":"2013-11-12T13:31:32","guid":{"rendered":"http:\/\/www.traningskompanietvaxholm.se\/?page_id=57"},"modified":"2023-06-12T22:35:08","modified_gmt":"2023-06-12T21:35:08","slug":"camilla-holmen","status":"publish","type":"page","link":"https:\/\/www.traningskompanietvaxholm.se\/?page_id=57","title":{"rendered":"Camilla Holm\u00e9n"},"content":{"rendered":"<p><strong><span style=\"color: #333333;\">Mina pass:<\/span><\/strong><span style=\"color: #333333;\"><a href=\"https:\/\/www.traningskompanietvaxholm.se\/?page_id=2288\"> Puls &amp; Styrka<\/a> tisdagar kl. 19.00, Resar\u00f6 skola\u00a0<\/span><\/p>\n<p><span style=\"color: #333333;\"><strong>Utbildning\/Erfarenhet:<\/strong>\u00a0 Jag \u00e4r diplomerad ledare inom gympa- och vattentr\u00e4ning, Friskis &amp; Svettis och d<\/span><span style=\"color: #333333;\">iplomerad instrukt\u00f6r inom Funktionell Styrka i grupp, Aerobic Weekends. Jag \u00e4r ocks\u00e5 utbildad i<\/span><span style=\"color: #333333;\"> Coretraining via World Class.<\/span><\/p>\n<p><span style=\"color: #333333;\"><strong>Tankar kring tr\u00e4ning:\u00a0<\/strong> Man m\u00e5ste hitta den tr\u00e4ningsform som man gillar d\u00e5 det viktigaste av allt \u00e4nd\u00e5 \u00e4r att det blir av. F\u00f6r mig \u00e4r det helheten av tr\u00e4ningen som ger mig drivkraft, dvs. inte bara en stabil och starkare kropp, utan minst lika viktigt \u00e4r att den ger mig god s\u00f6mn, socialt n\u00e4tverk och massor med energi. Mitt m\u00e5l \u00e4r att tr\u00e4na 5 pass i veckan f\u00f6r att f\u00e5 en blandning av funktionell- och styrketr\u00e4ning, samt kondition.<\/span><\/p>\n<div><\/div>\n<div><\/div>\n","protected":false},"excerpt":{"rendered":"<p>Mina pass: Puls &amp; Styrka tisdagar kl. 19.00, Resar\u00f6 skola\u00a0 Utbildning\/Erfarenhet:\u00a0 Jag \u00e4r diplomerad ledare inom gympa- och vattentr\u00e4ning, Friskis &amp; Svettis och diplomerad instrukt\u00f6r inom Funktionell Styrka i grupp, Aerobic Weekends. Jag \u00e4r ocks\u00e5 utbildad i Coretraining via World Class. Tankar kring tr\u00e4ning:\u00a0 Man m\u00e5ste hitta den tr\u00e4ningsform som man gillar d\u00e5 det viktigaste [&hellip;]<\/p>\n","protected":false},"author":1,"featured_media":0,"parent":26,"menu_order":0,"comment_status":"closed","ping_status":"closed","template":"","meta":{"footnotes":""},"class_list":["post-57","page","type-page","status-publish","hentry"],"aioseo_notices":[],"_links":{"self":[{"href":"https:\/\/www.traningskompanietvaxholm.se\/index.php?rest_route=\/wp\/v2\/pages\/57"}],"collection":[{"href":"https:\/\/www.traningskompanietvaxholm.se\/index.php?rest_route=\/wp\/v2\/pages"}],"about":[{"href":"https:\/\/www.traningskompanietvaxholm.se\/index.php?rest_route=\/wp\/v2\/types\/page"}],"author":[{"embeddable":true,"href":"https:\/\/www.traningskompanietvaxholm.se\/index.php?rest_route=\/wp\/v2\/users\/1"}],"replies":[{"embeddable":true,"href":"https:\/\/www.traningskompanietvaxholm.se\/index.php?rest_route=%2Fwp%2Fv2%2Fcomments&post=57"}],"version-history":[{"count":17,"href":"https:\/\/www.traningskompanietvaxholm.se\/index.php?rest_route=\/wp\/v2\/pages\/57\/revisions"}],"predecessor-version":[{"id":3009,"href":"https:\/\/www.traningskompanietvaxholm.se\/index.php?rest_route=\/wp\/v2\/pages\/57\/revisions\/3009"}],"up":[{"embeddable":true,"href":"https:\/\/www.traningskompanietvaxholm.se\/index.php?rest_route=\/wp\/v2\/pages\/26"}],"wp:attachment":[{"href":"https:\/\/www.traningskompanietvaxholm.se\/index.php?rest_route=%2Fwp%2Fv2%2Fmedia&parent=57"}],"curies":[{"name":"wp","href":"https:\/\/api.w.org\/{rel}","templated":true}]}}