{"id":526,"date":"2014-08-26T17:10:32","date_gmt":"2014-08-26T16:10:32","guid":{"rendered":"http:\/\/www.traningskompanietvaxholm.se\/?page_id=526"},"modified":"2022-12-19T22:49:44","modified_gmt":"2022-12-19T21:49:44","slug":"annelie-nannini","status":"publish","type":"page","link":"https:\/\/www.traningskompanietvaxholm.se\/?page_id=526","title":{"rendered":"Annelie Nannini"},"content":{"rendered":"<p><span style=\"color: #808080;\"><strong><span style=\"color: #333333;\">Mitt\/mina pass: <\/span><\/strong><span style=\"color: #333333;\"><a href=\"https:\/\/www.traningskompanietvaxholm.se\/?page_id=887\" class=\"broken_link\">Step<\/a>,<\/span><span style=\"color: #333333;\"> m\u00e5ndagar kl 19.00, Vax\u00f6 skola, <a title=\"Stark &amp; R\u00f6rlig\" href=\"https:\/\/www.traningskompanietvaxholm.se\/?page_id=2905\">Stark och R\u00f6rlig<\/a>, torsdagar kl. 19.00, Resar\u00f6 skola och <a title=\"Skivst\u00e5ng\" href=\"https:\/\/www.traningskompanietvaxholm.se\/?page_id=2907\">Skivst\u00e5ng<\/a>, l\u00f6rdagar kl. 10.00, Vax\u00f6 skola<\/span><\/span><\/p>\n<p><span style=\"color: #333333;\"><strong>Utbildning\/Erfarenhet:<\/strong>\u00a0Jag har varit instrukt\u00f6r i 21 \u00e5r och \u00e4r ut<\/span><span style=\"color: #333333;\">bildad inom Gympa, Aerobics, Step, Dans, Afro, Sh&#8217;bam, Yoga och Core. Jag\u00a0har lett klasser p\u00e5 World Class, SATS, Medley och Spa Selma Lagerl\u00f6f.<\/span><\/p>\n<p><span style=\"color: #333333;\"><strong>Tankar om tr\u00e4ning:<\/strong> Jag \u00e4lskar att r\u00f6ra p\u00e5 mig och har sv\u00e5rt att t\u00e4nka mig en vardag utan tr\u00e4ning. D\u00e4remot m\u00e5ste tr\u00e4ning vara roligt, annars blir den aldrig\u00a0regelbunden och det \u00e4r regelbundenheten som kr\u00e4vs f\u00f6r att f\u00e5\u00a0resultat.<\/span><\/p>\n<p><span style=\"color: #333333;\"><strong>\u00d6vrigt:<\/strong> Jag \u00e4r gift och har tv\u00e5 sm\u00e5 barn och vi bor i en villa p\u00e5 Resar\u00f6.\u00a0<\/span><\/p>\n","protected":false},"excerpt":{"rendered":"<p>Mitt\/mina pass: Step, m\u00e5ndagar kl 19.00, Vax\u00f6 skola, Stark och R\u00f6rlig, torsdagar kl. 19.00, Resar\u00f6 skola och Skivst\u00e5ng, l\u00f6rdagar kl. 10.00, Vax\u00f6 skola Utbildning\/Erfarenhet:\u00a0Jag har varit instrukt\u00f6r i 21 \u00e5r och \u00e4r utbildad inom Gympa, Aerobics, Step, Dans, Afro, Sh&#8217;bam, Yoga och Core. Jag\u00a0har lett klasser p\u00e5 World Class, SATS, Medley och Spa Selma Lagerl\u00f6f. [&hellip;]<\/p>\n","protected":false},"author":1,"featured_media":0,"parent":26,"menu_order":0,"comment_status":"closed","ping_status":"closed","template":"","meta":{"footnotes":""},"class_list":["post-526","page","type-page","status-publish","hentry"],"aioseo_notices":[],"_links":{"self":[{"href":"https:\/\/www.traningskompanietvaxholm.se\/index.php?rest_route=\/wp\/v2\/pages\/526"}],"collection":[{"href":"https:\/\/www.traningskompanietvaxholm.se\/index.php?rest_route=\/wp\/v2\/pages"}],"about":[{"href":"https:\/\/www.traningskompanietvaxholm.se\/index.php?rest_route=\/wp\/v2\/types\/page"}],"author":[{"embeddable":true,"href":"https:\/\/www.traningskompanietvaxholm.se\/index.php?rest_route=\/wp\/v2\/users\/1"}],"replies":[{"embeddable":true,"href":"https:\/\/www.traningskompanietvaxholm.se\/index.php?rest_route=%2Fwp%2Fv2%2Fcomments&post=526"}],"version-history":[{"count":14,"href":"https:\/\/www.traningskompanietvaxholm.se\/index.php?rest_route=\/wp\/v2\/pages\/526\/revisions"}],"predecessor-version":[{"id":2914,"href":"https:\/\/www.traningskompanietvaxholm.se\/index.php?rest_route=\/wp\/v2\/pages\/526\/revisions\/2914"}],"up":[{"embeddable":true,"href":"https:\/\/www.traningskompanietvaxholm.se\/index.php?rest_route=\/wp\/v2\/pages\/26"}],"wp:attachment":[{"href":"https:\/\/www.traningskompanietvaxholm.se\/index.php?rest_route=%2Fwp%2Fv2%2Fmedia&parent=526"}],"curies":[{"name":"wp","href":"https:\/\/api.w.org\/{rel}","templated":true}]}}