{"id":30,"date":"2013-11-12T11:40:49","date_gmt":"2013-11-12T10:40:49","guid":{"rendered":"http:\/\/www.traningskompanietvaxholm.se\/?page_id=30"},"modified":"2024-07-02T16:44:37","modified_gmt":"2024-07-02T15:44:37","slug":"wgf","status":"publish","type":"page","link":"https:\/\/www.traningskompanietvaxholm.se\/?page_id=30","title":{"rendered":"WGF"},"content":{"rendered":"<p><span style=\"color: #333333;\">WGF &#8211; Waxholms Gymnastikf\u00f6rening<br \/>\n<\/span><span style=\"color: #333333; font-size: revert;\">Tr\u00e4ningskompaniet \u00e4r en del av Waxholms Gymnastikf\u00f6rening och tillh\u00f6r grupptr\u00e4ningssektionen.\u00a0 Vill du l\u00e4sa mer om WGF klicka in <\/span><a style=\"font-size: revert;\" title=\"WGF\" href=\"https:\/\/www.wgf.nu\" target=\"_blank\" rel=\"noopener\"><span style=\"color: #333333;\"><strong>h\u00e4r<\/strong> <\/span><\/a><span style=\"color: #333333; font-size: revert;\">f\u00f6r att komma hemsidan.<\/span><\/p>\n","protected":false},"excerpt":{"rendered":"<p>WGF &#8211; Waxholms Gymnastikf\u00f6rening Tr\u00e4ningskompaniet \u00e4r en del av Waxholms Gymnastikf\u00f6rening och tillh\u00f6r grupptr\u00e4ningssektionen.\u00a0 Vill du l\u00e4sa mer om WGF klicka in h\u00e4r f\u00f6r att komma hemsidan.<\/p>\n","protected":false},"author":1,"featured_media":0,"parent":0,"menu_order":0,"comment_status":"closed","ping_status":"closed","template":"","meta":{"footnotes":""},"class_list":["post-30","page","type-page","status-publish","hentry"],"aioseo_notices":[],"_links":{"self":[{"href":"https:\/\/www.traningskompanietvaxholm.se\/index.php?rest_route=\/wp\/v2\/pages\/30"}],"collection":[{"href":"https:\/\/www.traningskompanietvaxholm.se\/index.php?rest_route=\/wp\/v2\/pages"}],"about":[{"href":"https:\/\/www.traningskompanietvaxholm.se\/index.php?rest_route=\/wp\/v2\/types\/page"}],"author":[{"embeddable":true,"href":"https:\/\/www.traningskompanietvaxholm.se\/index.php?rest_route=\/wp\/v2\/users\/1"}],"replies":[{"embeddable":true,"href":"https:\/\/www.traningskompanietvaxholm.se\/index.php?rest_route=%2Fwp%2Fv2%2Fcomments&post=30"}],"version-history":[{"count":8,"href":"https:\/\/www.traningskompanietvaxholm.se\/index.php?rest_route=\/wp\/v2\/pages\/30\/revisions"}],"predecessor-version":[{"id":3101,"href":"https:\/\/www.traningskompanietvaxholm.se\/index.php?rest_route=\/wp\/v2\/pages\/30\/revisions\/3101"}],"wp:attachment":[{"href":"https:\/\/www.traningskompanietvaxholm.se\/index.php?rest_route=%2Fwp%2Fv2%2Fmedia&parent=30"}],"curies":[{"name":"wp","href":"https:\/\/api.w.org\/{rel}","templated":true}]}}