{"id":28,"date":"2013-11-12T11:40:22","date_gmt":"2013-11-12T10:40:22","guid":{"rendered":"http:\/\/www.traningskompanietvaxholm.se\/?page_id=28"},"modified":"2021-12-09T16:22:49","modified_gmt":"2021-12-09T15:22:49","slug":"kontakt","status":"publish","type":"page","link":"https:\/\/www.traningskompanietvaxholm.se\/?page_id=28","title":{"rendered":"Kontakt"},"content":{"rendered":"<p><span style=\"color: #333333;\">F\u00f6r att komma i kontakt med oss p\u00e5 Tr\u00e4ningskompaniet \u00e4r det enklast via <strong><a href=\"https:\/\/www.facebook.com\/Tr%C3%A4ningskompaniet-Vaxholm-534618556591162\/\" target=\"_blank\" rel=\"noopener noreferrer\" class=\"broken_link\">Facebook<\/a> <\/strong>och du \u00e4r sj\u00e4lvklart \u00e4ven v\u00e4lkommen att prata med oss direkt p\u00e5 v\u00e5ra pass.\u00a0<\/span><\/p>\n<p><span style=\"color: #333333;\">Vid mer allm\u00e4nna fr\u00e5gor kontakta Camilla Holm\u00e9n p\u00e5 <a class=\"rABsFf RffVmb AL18ce\" href=\"mailto:camilla@zeventy.se\" target=\"_blank\" rel=\"noopener\" data-tooltip-position=\"top\" data-tooltip=\"Fr\u00e5n dina kontakter i Google\">camilla@zeventy.se<\/a>.\u00a0<\/span><\/p>\n<p><span style=\"color: #333333;\">Vid fr\u00e5gor om t.ex. medlemskap, kvitto till friskv\u00e5rdsbidrag m.m. kan du maila <span style=\"color: #0000ff;\"><a style=\"color: #0000ff;\" href=\"mailto:kansli@wgf.nu\">kansli@wgf.nu<\/a><\/span><\/span><\/p>\n","protected":false},"excerpt":{"rendered":"<p>F\u00f6r att komma i kontakt med oss p\u00e5 Tr\u00e4ningskompaniet \u00e4r det enklast via Facebook och du \u00e4r sj\u00e4lvklart \u00e4ven v\u00e4lkommen att prata med oss direkt p\u00e5 v\u00e5ra pass.\u00a0 Vid mer allm\u00e4nna fr\u00e5gor kontakta Camilla Holm\u00e9n p\u00e5 camilla@zeventy.se.\u00a0 Vid fr\u00e5gor om t.ex. medlemskap, kvitto till friskv\u00e5rdsbidrag m.m. kan du maila kansli@wgf.nu<\/p>\n","protected":false},"author":1,"featured_media":0,"parent":0,"menu_order":0,"comment_status":"closed","ping_status":"closed","template":"","meta":{"footnotes":""},"class_list":["post-28","page","type-page","status-publish","hentry"],"aioseo_notices":[],"_links":{"self":[{"href":"https:\/\/www.traningskompanietvaxholm.se\/index.php?rest_route=\/wp\/v2\/pages\/28"}],"collection":[{"href":"https:\/\/www.traningskompanietvaxholm.se\/index.php?rest_route=\/wp\/v2\/pages"}],"about":[{"href":"https:\/\/www.traningskompanietvaxholm.se\/index.php?rest_route=\/wp\/v2\/types\/page"}],"author":[{"embeddable":true,"href":"https:\/\/www.traningskompanietvaxholm.se\/index.php?rest_route=\/wp\/v2\/users\/1"}],"replies":[{"embeddable":true,"href":"https:\/\/www.traningskompanietvaxholm.se\/index.php?rest_route=%2Fwp%2Fv2%2Fcomments&post=28"}],"version-history":[{"count":17,"href":"https:\/\/www.traningskompanietvaxholm.se\/index.php?rest_route=\/wp\/v2\/pages\/28\/revisions"}],"predecessor-version":[{"id":2682,"href":"https:\/\/www.traningskompanietvaxholm.se\/index.php?rest_route=\/wp\/v2\/pages\/28\/revisions\/2682"}],"wp:attachment":[{"href":"https:\/\/www.traningskompanietvaxholm.se\/index.php?rest_route=%2Fwp%2Fv2%2Fmedia&parent=28"}],"curies":[{"name":"wp","href":"https:\/\/api.w.org\/{rel}","templated":true}]}}