{"id":26,"date":"2013-11-12T11:40:04","date_gmt":"2013-11-12T10:40:04","guid":{"rendered":"http:\/\/www.traningskompanietvaxholm.se\/?page_id=26"},"modified":"2024-09-09T14:27:51","modified_gmt":"2024-09-09T13:27:51","slug":"instruktorer","status":"publish","type":"page","link":"https:\/\/www.traningskompanietvaxholm.se\/?page_id=26","title":{"rendered":"Instrukt\u00f6rer"},"content":{"rendered":"<p><span style=\"color: #333333;\">Vill du vet mer om oss som leder tr\u00e4ningspassen h\u00e4r p\u00e5 Tr\u00e4ningskompaniet?<\/span><br \/><span style=\"color: #333333;\"> Klicka p\u00e5 instrukt\u00f6rens namn nedan!<\/span><\/p>\n<p><span style=\"color: #666699;\"><strong><a style=\"color: #666699;\" href=\"https:\/\/www.traningskompanietvaxholm.se\/?page_id=1264\"><br \/><span style=\"color: #000080;\">Anna Maria Wellmar<\/span><\/a><\/strong><\/span><br \/><span style=\"color: #000080;\"><strong><a style=\"color: #000080;\" title=\"Annelie Nannini\" href=\"https:\/\/www.traningskompanietvaxholm.se\/?page_id=526\">Annelie Nannini<\/a><\/strong><\/span><br \/><span style=\"color: #000080;\"><strong> <a style=\"color: #000080;\" title=\"Camilla Holm\u00e9n\" href=\"https:\/\/www.traningskompanietvaxholm.se\/?page_id=57\">Camilla Holm\u00e9n<\/a><\/strong><\/span><\/p>\n<p><strong style=\"color: #000080; font-size: revert;\"><a style=\"color: #000080;\" href=\"https:\/\/www.traningskompanietvaxholm.se\/?page_id=2990\">Catrin Grambo<\/a><\/strong><\/p>\n<p><span style=\"color: #000080;\"><strong>Helena Stenberg<\/strong><\/span><\/p>\n<p><span style=\"color: #000080;\"><strong>Jessica Riddersholm<\/strong><\/span><\/p>\n<p><span style=\"color: #000080;\"><strong><a style=\"color: #000080;\" href=\"https:\/\/www.traningskompanietvaxholm.se\/?page_id=2142\">Kari Wigart<\/a><\/strong><\/span><br \/><span style=\"color: #000080;\"><strong><a style=\"color: #000080;\" href=\"https:\/\/www.traningskompanietvaxholm.se\/?page_id=712\">Sune Tungstr\u00f6m<\/a><\/strong><\/span><\/p>\n<p><span style=\"color: #333333;\">Vi blir j\u00e4tteglada f\u00f6r feedback! Du \u00e4r alltid v\u00e4lkommen att prata med oss i anslutning till passen och ge oss b\u00e5de ris och ros. Du kan s\u00e5klart alltid ocks\u00e5 n\u00e5 oss via <strong><span style=\"color: #0000ff;\"><a style=\"color: #0000ff;\" href=\"https:\/\/www.facebook.com\/Tr%C3%A4ningskompaniet-Vaxholm-534618556591162\/?ref=bookmarks\" target=\"_blank\" rel=\"noopener noreferrer\" class=\"broken_link\">Facebook<\/a><\/span><\/strong>.<\/span><\/p>\n\n\n<p><\/p>\n","protected":false},"excerpt":{"rendered":"<p>Vill du vet mer om oss som leder tr\u00e4ningspassen h\u00e4r p\u00e5 Tr\u00e4ningskompaniet? Klicka p\u00e5 instrukt\u00f6rens namn nedan! Anna Maria WellmarAnnelie Nannini Camilla Holm\u00e9n Catrin Grambo Helena Stenberg Jessica Riddersholm Kari WigartSune Tungstr\u00f6m Vi blir j\u00e4tteglada f\u00f6r feedback! Du \u00e4r alltid v\u00e4lkommen att prata med oss i anslutning till passen och ge oss b\u00e5de ris och [&hellip;]<\/p>\n","protected":false},"author":1,"featured_media":0,"parent":0,"menu_order":0,"comment_status":"closed","ping_status":"closed","template":"","meta":{"footnotes":""},"class_list":["post-26","page","type-page","status-publish","hentry"],"aioseo_notices":[],"_links":{"self":[{"href":"https:\/\/www.traningskompanietvaxholm.se\/index.php?rest_route=\/wp\/v2\/pages\/26"}],"collection":[{"href":"https:\/\/www.traningskompanietvaxholm.se\/index.php?rest_route=\/wp\/v2\/pages"}],"about":[{"href":"https:\/\/www.traningskompanietvaxholm.se\/index.php?rest_route=\/wp\/v2\/types\/page"}],"author":[{"embeddable":true,"href":"https:\/\/www.traningskompanietvaxholm.se\/index.php?rest_route=\/wp\/v2\/users\/1"}],"replies":[{"embeddable":true,"href":"https:\/\/www.traningskompanietvaxholm.se\/index.php?rest_route=%2Fwp%2Fv2%2Fcomments&post=26"}],"version-history":[{"count":53,"href":"https:\/\/www.traningskompanietvaxholm.se\/index.php?rest_route=\/wp\/v2\/pages\/26\/revisions"}],"predecessor-version":[{"id":3135,"href":"https:\/\/www.traningskompanietvaxholm.se\/index.php?rest_route=\/wp\/v2\/pages\/26\/revisions\/3135"}],"wp:attachment":[{"href":"https:\/\/www.traningskompanietvaxholm.se\/index.php?rest_route=%2Fwp%2Fv2%2Fmedia&parent=26"}],"curies":[{"name":"wp","href":"https:\/\/api.w.org\/{rel}","templated":true}]}}