{"id":17,"date":"2013-11-12T11:20:09","date_gmt":"2013-11-12T10:20:09","guid":{"rendered":"http:\/\/www.traningskompanietvaxholm.se\/?page_id=17"},"modified":"2025-08-13T21:21:34","modified_gmt":"2025-08-13T20:21:34","slug":"var-traning","status":"publish","type":"page","link":"https:\/\/www.traningskompanietvaxholm.se\/?page_id=17","title":{"rendered":"Tr\u00e4ningspass"},"content":{"rendered":"<p><span style=\"color: #333333;\">Vi p\u00e5 Tr\u00e4ningskompaniet tycker att det ska vara roligt att tr\u00e4na. Vi tycker\u00a0<span style=\"color: #333333;\">ocks\u00e5 att det \u00e4r viktigt med variation och att alla kan hitta en tr\u00e4ningsform som passar.<\/span><\/span><\/p>\n<p><span style=\"color: #333333;\">H\u00e4r kan du l\u00e4sa om v\u00e5ra olika tr\u00e4ningspass. Vi hoppas att du hittar n\u00e5got som passar dig!<\/span><\/p>\n<p><span style=\"color: #666699;\"><strong><a style=\"color: #666699;\" href=\"https:\/\/www.traningskompanietvaxholm.se\/?page_id=112\">Cross Nature<\/a><\/strong><strong><br \/>\n<a style=\"color: #666699;\" href=\"https:\/\/www.traningskompanietvaxholm.se\/?page_id=2125\">Core<\/a><\/strong><strong><br \/>\n<\/strong><\/span><span style=\"color: #666699;\"><strong><span style=\"color: #666699;\"><a style=\"color: #666699;\" href=\"https:\/\/www.traningskompanietvaxholm.se\/?page_id=2288\">Puls &amp; Styrka<\/a><\/span><br \/>\n<a style=\"color: #666699;\" href=\"https:\/\/www.traningskompanietvaxholm.se\/?page_id=2294\">Seniorgympa<\/a><\/strong><\/span><br \/>\n<span style=\"color: #666699;\"><strong><span style=\"color: #666699;\"><a style=\"color: #666699;\" title=\"Skivst\u00e5ng\" href=\"https:\/\/www.traningskompanietvaxholm.se\/?page_id=2907\">Skivst\u00e5ng<\/a><\/span><br \/>\n<\/strong><\/span><span style=\"color: #666699;\"><strong><br \/>\n<\/strong><\/span><\/p>\n<p><span style=\"color: #333333;\"><span style=\"color: #ff0000;\"><strong>Vid 5 deltagare eller f\u00e4rre har instrukt\u00f6ren r\u00e4tt att st\u00e4lla in passet.<\/strong><\/span><br \/>\nDetta f\u00f6r att vi vill kunna erbjuda den b\u00e4sta grupptr\u00e4ningsupplevelsen. Om vi blir f\u00f6r f\u00e5 p\u00e5 ett pass tappar vi sj\u00e4lva k\u00e4nslan av gl\u00e4djen i att tr\u00e4na tillsammans i grupp.<\/span><\/p>\n","protected":false},"excerpt":{"rendered":"<p>Vi p\u00e5 Tr\u00e4ningskompaniet tycker att det ska vara roligt att tr\u00e4na. Vi tycker\u00a0ocks\u00e5 att det \u00e4r viktigt med variation och att alla kan hitta en tr\u00e4ningsform som passar. H\u00e4r kan du l\u00e4sa om v\u00e5ra olika tr\u00e4ningspass. Vi hoppas att du hittar n\u00e5got som passar dig! Cross Nature Core Puls &amp; Styrka Seniorgympa Skivst\u00e5ng Vid 5 [&hellip;]<\/p>\n","protected":false},"author":1,"featured_media":0,"parent":0,"menu_order":0,"comment_status":"closed","ping_status":"closed","template":"","meta":{"footnotes":""},"class_list":["post-17","page","type-page","status-publish","hentry"],"aioseo_notices":[],"_links":{"self":[{"href":"https:\/\/www.traningskompanietvaxholm.se\/index.php?rest_route=\/wp\/v2\/pages\/17"}],"collection":[{"href":"https:\/\/www.traningskompanietvaxholm.se\/index.php?rest_route=\/wp\/v2\/pages"}],"about":[{"href":"https:\/\/www.traningskompanietvaxholm.se\/index.php?rest_route=\/wp\/v2\/types\/page"}],"author":[{"embeddable":true,"href":"https:\/\/www.traningskompanietvaxholm.se\/index.php?rest_route=\/wp\/v2\/users\/1"}],"replies":[{"embeddable":true,"href":"https:\/\/www.traningskompanietvaxholm.se\/index.php?rest_route=%2Fwp%2Fv2%2Fcomments&post=17"}],"version-history":[{"count":138,"href":"https:\/\/www.traningskompanietvaxholm.se\/index.php?rest_route=\/wp\/v2\/pages\/17\/revisions"}],"predecessor-version":[{"id":3177,"href":"https:\/\/www.traningskompanietvaxholm.se\/index.php?rest_route=\/wp\/v2\/pages\/17\/revisions\/3177"}],"wp:attachment":[{"href":"https:\/\/www.traningskompanietvaxholm.se\/index.php?rest_route=%2Fwp%2Fv2%2Fmedia&parent=17"}],"curies":[{"name":"wp","href":"https:\/\/api.w.org\/{rel}","templated":true}]}}