{"id":1264,"date":"2016-08-15T15:59:14","date_gmt":"2016-08-15T14:59:14","guid":{"rendered":"http:\/\/www.traningskompanietvaxholm.se\/?page_id=1264"},"modified":"2022-12-19T22:48:18","modified_gmt":"2022-12-19T21:48:18","slug":"anna-maria-wellmar","status":"publish","type":"page","link":"https:\/\/www.traningskompanietvaxholm.se\/?page_id=1264","title":{"rendered":"Anna Maria Wellmar"},"content":{"rendered":"<p><span style=\"color: #333333;\"><strong>Mitt pass:<\/strong> <a title=\"Stark &amp; R\u00f6rlig\" href=\"https:\/\/www.traningskompanietvaxholm.se\/?page_id=2905\">Stark och R\u00f6rlig<\/a>, torsdagar kl. 19.00, Resar\u00f6 skola och <a href=\"https:\/\/www.traningskompanietvaxholm.se\/?page_id=112\">CrossNature<\/a>, s\u00f6ndagar kl. 9.30 p\u00e5 Eriks\u00f6<\/span><\/p>\n<p><span style=\"color: #333333;\"><strong>Utbildning\/Erfarenhet:<\/strong> Jag har tr\u00e4nat sedan barnsben, bl.a. i WGF. Jag har g\u00e5tt diverse utbildningar inom tr\u00e4ning och har flera \u00e5rs erfarenhet som ledare. Grundutbildning i FortGjort-konceptet och certifierad CrossNature-instrukt\u00f6r.<\/span><\/p>\n<p><span style=\"color: #333333;\"><strong>Tankar om tr\u00e4ning:<\/strong> F\u00f6r mig \u00e4r tr\u00e4ning ett s\u00e4tt att kunna m\u00e5 bra, b\u00e5de p\u00e5 insida och utsidan. Att f\u00e5 tr\u00e4na tillsammans med andra ger gl\u00e4dje och gemenskap<\/span><\/p>\n","protected":false},"excerpt":{"rendered":"<p>Mitt pass: Stark och R\u00f6rlig, torsdagar kl. 19.00, Resar\u00f6 skola och CrossNature, s\u00f6ndagar kl. 9.30 p\u00e5 Eriks\u00f6 Utbildning\/Erfarenhet: Jag har tr\u00e4nat sedan barnsben, bl.a. i WGF. Jag har g\u00e5tt diverse utbildningar inom tr\u00e4ning och har flera \u00e5rs erfarenhet som ledare. Grundutbildning i FortGjort-konceptet och certifierad CrossNature-instrukt\u00f6r. Tankar om tr\u00e4ning: F\u00f6r mig \u00e4r tr\u00e4ning ett s\u00e4tt [&hellip;]<\/p>\n","protected":false},"author":1,"featured_media":0,"parent":26,"menu_order":0,"comment_status":"closed","ping_status":"closed","template":"","meta":{"footnotes":""},"class_list":["post-1264","page","type-page","status-publish","hentry"],"aioseo_notices":[],"_links":{"self":[{"href":"https:\/\/www.traningskompanietvaxholm.se\/index.php?rest_route=\/wp\/v2\/pages\/1264"}],"collection":[{"href":"https:\/\/www.traningskompanietvaxholm.se\/index.php?rest_route=\/wp\/v2\/pages"}],"about":[{"href":"https:\/\/www.traningskompanietvaxholm.se\/index.php?rest_route=\/wp\/v2\/types\/page"}],"author":[{"embeddable":true,"href":"https:\/\/www.traningskompanietvaxholm.se\/index.php?rest_route=\/wp\/v2\/users\/1"}],"replies":[{"embeddable":true,"href":"https:\/\/www.traningskompanietvaxholm.se\/index.php?rest_route=%2Fwp%2Fv2%2Fcomments&post=1264"}],"version-history":[{"count":9,"href":"https:\/\/www.traningskompanietvaxholm.se\/index.php?rest_route=\/wp\/v2\/pages\/1264\/revisions"}],"predecessor-version":[{"id":2913,"href":"https:\/\/www.traningskompanietvaxholm.se\/index.php?rest_route=\/wp\/v2\/pages\/1264\/revisions\/2913"}],"up":[{"embeddable":true,"href":"https:\/\/www.traningskompanietvaxholm.se\/index.php?rest_route=\/wp\/v2\/pages\/26"}],"wp:attachment":[{"href":"https:\/\/www.traningskompanietvaxholm.se\/index.php?rest_route=%2Fwp%2Fv2%2Fmedia&parent=1264"}],"curies":[{"name":"wp","href":"https:\/\/api.w.org\/{rel}","templated":true}]}}